{"id":14,"date":"2025-11-07T13:46:20","date_gmt":"2025-11-07T16:46:20","guid":{"rendered":"https:\/\/sambaculejo.com.br\/?page_id=14"},"modified":"2025-12-04T13:50:26","modified_gmt":"2025-12-04T16:50:26","slug":"repertorio","status":"publish","type":"page","link":"https:\/\/sambaculejo.com.br\/?page_id=14","title":{"rendered":"Repert\u00f3rio"},"content":{"rendered":"\t\t<div data-elementor-type=\"wp-page\" data-elementor-id=\"14\" class=\"elementor elementor-14\" data-elementor-settings=\"{&quot;ha_cmc_init_switcher&quot;:&quot;no&quot;}\">\n\t\t\t\t<div class=\"elementor-element elementor-element-63d13f0 e-con-full elementor-hidden-mobile e-flex wpr-particle-no wpr-jarallax-no wpr-parallax-no wpr-sticky-section-no e-con e-parent\" data-id=\"63d13f0\" data-element_type=\"container\" data-settings=\"{&quot;background_background&quot;:&quot;classic&quot;,&quot;_ha_eqh_enable&quot;:false}\">\n\t\t\t\t<div class=\"elementor-element elementor-element-a7bca1e elementor-widget__width-inherit elementor-widget elementor-widget-image\" data-id=\"a7bca1e\" data-element_type=\"widget\" data-widget_type=\"image.default\">\n\t\t\t\t\t\t\t\t\t\t\t\t\t\t\t<img fetchpriority=\"high\" decoding=\"async\" width=\"1600\" height=\"600\" src=\"https:\/\/sambaculejo.com.br\/wp-content\/uploads\/2025\/11\/capa-repertorio-sambaculejo-prime.png\" class=\"attachment-full size-full wp-image-233\" alt=\"\" srcset=\"https:\/\/sambaculejo.com.br\/wp-content\/uploads\/2025\/11\/capa-repertorio-sambaculejo-prime.png 1600w, https:\/\/sambaculejo.com.br\/wp-content\/uploads\/2025\/11\/capa-repertorio-sambaculejo-prime-300x113.png 300w, https:\/\/sambaculejo.com.br\/wp-content\/uploads\/2025\/11\/capa-repertorio-sambaculejo-prime-1024x384.png 1024w, https:\/\/sambaculejo.com.br\/wp-content\/uploads\/2025\/11\/capa-repertorio-sambaculejo-prime-768x288.png 768w, https:\/\/sambaculejo.com.br\/wp-content\/uploads\/2025\/11\/capa-repertorio-sambaculejo-prime-1536x576.png 1536w\" sizes=\"(max-width: 1600px) 100vw, 1600px\" \/>\t\t\t\t\t\t\t\t\t\t\t\t\t\t\t<\/div>\n\t\t\t\t<\/div>\n\t\t<div class=\"elementor-element elementor-element-1eb1a2b e-con-full elementor-hidden-desktop elementor-hidden-tablet e-flex wpr-particle-no wpr-jarallax-no wpr-parallax-no wpr-sticky-section-no e-con e-parent\" data-id=\"1eb1a2b\" data-element_type=\"container\" data-settings=\"{&quot;background_background&quot;:&quot;classic&quot;,&quot;_ha_eqh_enable&quot;:false}\">\n\t\t\t\t<div class=\"elementor-element elementor-element-c982959 elementor-widget__width-inherit elementor-widget elementor-widget-image\" data-id=\"c982959\" data-element_type=\"widget\" data-widget_type=\"image.default\">\n\t\t\t\t\t\t\t\t\t\t\t\t\t\t\t<img decoding=\"async\" width=\"900\" height=\"900\" src=\"https:\/\/sambaculejo.com.br\/wp-content\/uploads\/2025\/11\/capas-mobile-2.png\" class=\"attachment-full size-full wp-image-429\" alt=\"\" srcset=\"https:\/\/sambaculejo.com.br\/wp-content\/uploads\/2025\/11\/capas-mobile-2.png 900w, https:\/\/sambaculejo.com.br\/wp-content\/uploads\/2025\/11\/capas-mobile-2-300x300.png 300w, https:\/\/sambaculejo.com.br\/wp-content\/uploads\/2025\/11\/capas-mobile-2-150x150.png 150w, https:\/\/sambaculejo.com.br\/wp-content\/uploads\/2025\/11\/capas-mobile-2-768x768.png 768w\" sizes=\"(max-width: 900px) 100vw, 900px\" \/>\t\t\t\t\t\t\t\t\t\t\t\t\t\t\t<\/div>\n\t\t\t\t<\/div>\n\t\t<div class=\"elementor-element elementor-element-893727c e-flex e-con-boxed wpr-particle-no wpr-jarallax-no wpr-parallax-no wpr-sticky-section-no e-con e-parent\" data-id=\"893727c\" data-element_type=\"container\" data-settings=\"{&quot;background_background&quot;:&quot;classic&quot;,&quot;_ha_eqh_enable&quot;:false}\">\n\t\t\t\t\t<div class=\"e-con-inner\">\n\t\t\t\t<div class=\"elementor-element elementor-element-60841f6 elementor-widget elementor-widget-html\" data-id=\"60841f6\" data-element_type=\"widget\" data-widget_type=\"html.default\">\n\t\t\t\t\t<!-- WhatsApp Floating Button - \u00cdcone branco preenchido -->\r\n<a href=\"https:\/\/wa.me\/5519971548271?text=Ol\u00e1!%20Quero%20falar%20sobre%20eventos%20com%20o%20Sambaculejo%20Prime.\"\r\n   class=\"wa-float\" target=\"_blank\" rel=\"noopener\" aria-label=\"WhatsApp\">\r\n\r\n  <!-- \u00cdcone WhatsApp totalmente preenchido -->\r\n  <svg width=\"38\" height=\"38\" viewBox=\"0 0 24 24\" fill=\"#FFFFFF\">\r\n    <path d=\"M12.04 2C6.58 2 2.11 6.47 2.11 11.93c0 1.97.56 3.89 1.62 5.55L2 22l4.66-1.71a9.94 9.94 0 0 0 5.38 1.52h.01c5.46 0 9.93-4.47 9.93-9.93C21.99 6.47 17.5 2 12.04 2zm5.8 14.31c-.24.67-1.39 1.31-1.95 1.39-.5.07-1.14.1-1.83-.11-.42-.13-.96-.31-1.65-.61-2.92-1.27-4.82-4.19-4.96-4.39-.14-.19-1.18-1.57-1.18-2.99 0-1.42.75-2.11 1.02-2.4.27-.29.59-.36.79-.36.2 0 .4.01.57.01.19 0 .44-.07.69.53.24.59.83 2.03.91 2.17.08.14.14.31.03.5-.11.19-.17.31-.34.49-.17.19-.29.33-.42.53-.14.19-.3.4-.12.68.18.28.79 1.3 1.69 2.1 1.17 1.04 2.16 1.37 2.45 1.51.29.14.46.12.63-.07.18-.19.72-.84.91-1.12.19-.29.39-.24.66-.14.27.1 1.71.81 2 .96.29.14.48.21.55.33.06.12.06.71-.18 1.38z\"\/>\r\n  <\/svg>\r\n\r\n<\/a>\r\n\r\n<style>\r\n  .wa-float{\r\n    position:fixed;\r\n    right:18px;\r\n    bottom:18px;\r\n    width:68px;\r\n    height:68px;\r\n    display:flex;\r\n    align-items:center;\r\n    justify-content:center;\r\n    background:#B38F36; \/* cor do bot\u00e3o *\/\r\n    border-radius:50%;\r\n    box-shadow:0 8px 24px rgba(0,0,0,0.28);\r\n    text-decoration:none;\r\n    z-index:999999;\r\n    transition:transform .15s ease, box-shadow .15s ease;\r\n  }\r\n\r\n  .wa-float:hover{\r\n    transform:translateY(-3px);\r\n    box-shadow:0 12px 28px rgba(0,0,0,0.32);\r\n  }\r\n\r\n  @media (max-width: 480px){\r\n    .wa-float{\r\n      width:60px;\r\n      height:60px;\r\n      right:14px;\r\n      bottom:14px;\r\n    }\r\n  }\r\n<\/style>\r\n\t\t\t\t<\/div>\n\t\t\t\t<div class=\"elementor-element elementor-element-7380f5b elementor-widget elementor-widget-spacer\" data-id=\"7380f5b\" data-element_type=\"widget\" data-widget_type=\"spacer.default\">\n\t\t\t\t\t\t\t<div class=\"elementor-spacer\">\n\t\t\t<div class=\"elementor-spacer-inner\"><\/div>\n\t\t<\/div>\n\t\t\t\t\t\t<\/div>\n\t\t\t\t<div class=\"elementor-element elementor-element-82ce014 elementor-widget elementor-widget-heading\" data-id=\"82ce014\" data-element_type=\"widget\" data-widget_type=\"heading.default\">\n\t\t\t\t\t<h2 class=\"elementor-heading-title elementor-size-default\">Repert\u00f3rio variado e completo<\/h2>\t\t\t\t<\/div>\n\t\t\t\t<div class=\"elementor-element elementor-element-0175d20 elementor-widget elementor-widget-text-editor\" data-id=\"0175d20\" data-element_type=\"widget\" data-widget_type=\"text-editor.default\">\n\t\t\t\t\t\t\t\t\t<p>Preencha o formul\u00e1rio e entraremos em contato para transformar o evento dos seus sonhos em realidade. No nosso repert\u00f3rio est\u00e3o inclu\u00eddos <span style=\"color: #d0ad54;\"><strong>samba, sertanejo, ax\u00e9, pop e rock.<\/strong><\/span><\/p>\t\t\t\t\t\t\t\t<\/div>\n\t\t\t\t<div class=\"elementor-element elementor-element-d33ac7d elementor-invisible elementor-widget elementor-widget-shortcode\" data-id=\"d33ac7d\" data-element_type=\"widget\" data-settings=\"{&quot;_animation&quot;:&quot;fadeIn&quot;}\" data-widget_type=\"shortcode.default\">\n\t\t\t\t\t\t\t<div class=\"elementor-shortcode\"><div class=\"forminator-ui forminator-custom-form forminator-custom-form-7 forminator-design--default  forminator_ajax\" data-forminator-render=\"0\" data-form=\"forminator-module-7\" data-uid=\"69d539a0bfe92\"><br\/><\/div><form\n\t\t\t\tid=\"forminator-module-7\"\n\t\t\t\tclass=\"forminator-ui forminator-custom-form forminator-custom-form-7 forminator-design--default  forminator_ajax\"\n\t\t\t\tmethod=\"post\"\n\t\t\t\tdata-forminator-render=\"0\"\n\t\t\t\tdata-form-id=\"7\"\n\t\t\t\t data-color-option=\"default\" data-design=\"default\" data-grid=\"open\" style=\"display: none;\"\n\t\t\t\tdata-uid=\"69d539a0bfe92\"\n\t\t\t><div role=\"alert\" aria-live=\"polite\" class=\"forminator-response-message forminator-error\" aria-hidden=\"true\"><\/div><div class=\"forminator-row\"><div id=\"name-1\" class=\"forminator-field-name forminator-col forminator-col-6 \"><div class=\"forminator-field\"><label for=\"forminator-field-name-1_69d539a0bfe92\" id=\"forminator-field-name-1_69d539a0bfe92-label\" class=\"forminator-label\">Nome<\/label><input type=\"text\" name=\"name-1\" value=\"\" placeholder=\"Digite aqui...\" id=\"forminator-field-name-1_69d539a0bfe92\" class=\"forminator-input forminator-name--field\" aria-required=\"false\" autocomplete=\"name\" \/><\/div><\/div><div id=\"phone-1\" class=\"forminator-field-phone forminator-col forminator-col-6 \"><div class=\"forminator-field\"><label for=\"forminator-field-phone-1_69d539a0bfe92\" id=\"forminator-field-phone-1_69d539a0bfe92-label\" class=\"forminator-label\">Telefone<\/label><input type=\"text\" name=\"phone-1\" value=\"\" placeholder=\"Digite aqui...\" id=\"forminator-field-phone-1_69d539a0bfe92\" class=\"forminator-input forminator-field--phone\" data-required=\"\" aria-required=\"false\" autocomplete=\"off\" data-national_mode=\"enabled\" data-country=\"br\" data-validation=\"standard\" \/><\/div><\/div><\/div><div class=\"forminator-row\"><div id=\"email-1\" class=\"forminator-field-email forminator-col forminator-col-12 \"><div class=\"forminator-field\"><label for=\"forminator-field-email-1_69d539a0bfe92\" id=\"forminator-field-email-1_69d539a0bfe92-label\" class=\"forminator-label\">Endere\u00e7o de E-mail <span class=\"forminator-required\">*<\/span><\/label><input type=\"email\" name=\"email-1\" value=\"\" placeholder=\"\" id=\"forminator-field-email-1_69d539a0bfe92\" class=\"forminator-input forminator-email--field\" data-required=\"1\" aria-required=\"true\" autocomplete=\"email\" \/><\/div><\/div><\/div><div class=\"forminator-row\"><div id=\"select-1\" class=\"forminator-field-select forminator-col forminator-col-12 \"><div class=\"forminator-field\"><label for=\"forminator-form-7__field--select-1_69d539a0bfe92\" id=\"forminator-form-7__field--select-1_69d539a0bfe92-label\" class=\"forminator-label\">Tipo de Evento <span class=\"forminator-required\">*<\/span><\/label><select multiple id=\"forminator-form-7__field--select-1_69d539a0bfe92\" class=\"forminator-select--field forminator-select2 forminator-select2-multiple\" data-required=\"1\" name=\"select-1[]\" data-default-value=\"\" data-hidden-behavior=\"zero\" data-placeholder=\"Please select an option\" data-search=\"false\" data-search-placeholder=\"Search\" data-checkbox=\"false\" data-allow-clear=\"true\" aria-labelledby=\"forminator-form-7__field--select-1_69d539a0bfe92-label\"><option value=\"one\"  data-calculation=\"0\">Casamento<\/option><option value=\"two\"  data-calculation=\"0\">Festa<\/option><option value=\"Eventos-Corporativos\"  data-calculation=\"0\">Evento Corporativo<\/option><option value=\"Formaturas\"  data-calculation=\"0\">Formatura<\/option><\/select><\/div><\/div><\/div><div class=\"forminator-row\"><div id=\"date-1\" class=\"forminator-field-date forminator-col forminator-col-12 \"><div class=\"forminator-field\"><label for=\"forminator-field-date-1-picker_69d539a0bfe92\" id=\"forminator-field-date-1-picker_69d539a0bfe92-label\" class=\"forminator-label\">Data <span class=\"forminator-required\">*<\/span><\/label><div class=\"forminator-input-with-icon\"><span class=\"forminator-icon-calendar\" aria-hidden=\"true\"><\/span><input autocomplete=\"off\" type=\"text\" size=\"1\" name=\"date-1\" value=\"\" placeholder=\"Escolher Data\" id=\"forminator-field-date-1-picker_69d539a0bfe92\" class=\"forminator-input forminator-datepicker\" data-required=\"1\" data-format=\"dd-mm-yy\" data-restrict-type=\"\" data-restrict=\"\" data-start-year=\"1926\" data-end-year=\"2126\" data-past-dates=\"enable\" data-start-of-week=\"0\" data-start-date=\"\" data-end-date=\"\" data-start-field=\"\" data-end-field=\"\" data-start-offset=\"\" data-end-offset=\"\" data-disable-date=\"\" data-disable-range=\"\" \/><\/div><\/div><\/div><\/div><div class=\"forminator-row\"><div id=\"textarea-1\" class=\"forminator-field-textarea forminator-col forminator-col-12 \"><div class=\"forminator-field\"><label for=\"forminator-field-textarea-1_69d539a0bfe92\" id=\"forminator-field-textarea-1_69d539a0bfe92-label\" class=\"forminator-label\">Local do Evento <span class=\"forminator-required\">*<\/span><\/label><textarea name=\"textarea-1\" placeholder=\"\" id=\"forminator-field-textarea-1_69d539a0bfe92\" class=\"forminator-textarea\" rows=\"6\" style=\"min-height:140px;\" ><\/textarea><\/div><\/div><\/div><div class=\"forminator-row\"><div id=\"textarea-2\" class=\"forminator-field-textarea forminator-col forminator-col-12 \"><div class=\"forminator-field\"><label for=\"forminator-field-textarea-2_69d539a0bfe92\" id=\"forminator-field-textarea-2_69d539a0bfe92-label\" class=\"forminator-label\">Hora do Evento <span class=\"forminator-required\">*<\/span><\/label><textarea name=\"textarea-2\" placeholder=\"\" id=\"forminator-field-textarea-2_69d539a0bfe92\" class=\"forminator-textarea\" rows=\"6\" style=\"min-height:140px;\" ><\/textarea><\/div><\/div><\/div><div class=\"forminator-row\"><div id=\"select-2\" class=\"forminator-field-select forminator-col forminator-col-12 \"><div class=\"forminator-field\"><label for=\"forminator-form-7__field--select-2_69d539a0bfe92\" id=\"forminator-form-7__field--select-2_69d539a0bfe92-label\" class=\"forminator-label\">Selecionar <span class=\"forminator-required\">*<\/span><\/label><select  id=\"forminator-form-7__field--select-2_69d539a0bfe92\" class=\"forminator-select--field forminator-select2 forminator-select2-multiple\" data-required=\"1\" name=\"select-2\" data-default-value=\"\" data-hidden-behavior=\"zero\" data-placeholder=\"Convidados\" data-search=\"false\" data-search-placeholder=\"Convidados\" data-checkbox=\"false\" data-allow-clear=\"false\" aria-labelledby=\"forminator-form-7__field--select-2_69d539a0bfe92-label\"><option value=\"\"  >Convidados<\/option><option value=\"one\"  data-calculation=\"0\">5 a 20<\/option><option value=\"two\"  data-calculation=\"0\">20 a 40<\/option><option value=\"40-a-60\"  data-calculation=\"0\">40 a 60<\/option><option value=\"60-a-80\"  data-calculation=\"0\">60 a 80<\/option><option value=\"80-a-100\"  data-calculation=\"0\">80 a 100<\/option><option value=\"mais-de-100\"  data-calculation=\"0\">mais de 100<\/option><\/select><\/div><\/div><\/div><input type=\"hidden\" name=\"referer_url\" value=\"\" \/><div class=\"forminator-row forminator-row-last\"><div class=\"forminator-col\"><div class=\"forminator-field\"><button class=\"forminator-button forminator-button-submit\">Enviar<\/button><\/div><\/div><\/div><input type=\"hidden\" id=\"forminator_nonce\" name=\"forminator_nonce\" value=\"447ac4f757\" \/><input type=\"hidden\" name=\"_wp_http_referer\" value=\"\/index.php?rest_route=%2Fwp%2Fv2%2Fpages%2F14\" \/><input type=\"hidden\" name=\"form_id\" value=\"7\"><input type=\"hidden\" name=\"page_id\" value=\"14\"><input type=\"hidden\" name=\"form_type\" value=\"default\"><input type=\"hidden\" name=\"current_url\" value=\"https:\/\/sambaculejo.com.br\/?page_id=14\"><input type=\"hidden\" name=\"render_id\" value=\"0\"><input type=\"hidden\" name=\"action\" value=\"forminator_submit_form_custom-forms\"><\/form><\/div>\n\t\t\t\t\t\t<\/div>\n\t\t\t\t\t<\/div>\n\t\t\t\t<\/div>\n\t\t\t\t<\/div>\n\t\t","protected":false},"excerpt":{"rendered":"<p>Repert\u00f3rio variado e completo Preencha o formul\u00e1rio e entraremos em contato para transformar o evento dos seus sonhos em realidade. No nosso repert\u00f3rio est\u00e3o inclu\u00eddos samba, sertanejo, ax\u00e9, pop e rock.<\/p>\n","protected":false},"author":1,"featured_media":0,"parent":0,"menu_order":0,"comment_status":"closed","ping_status":"closed","template":"","meta":{"_monsterinsights_skip_tracking":false,"_monsterinsights_sitenote_active":false,"_monsterinsights_sitenote_note":"","_monsterinsights_sitenote_category":0,"site-sidebar-layout":"no-sidebar","site-content-layout":"","ast-site-content-layout":"full-width-container","site-content-style":"default","site-sidebar-style":"default","ast-global-header-display":"","ast-banner-title-visibility":"","ast-main-header-display":"","ast-hfb-above-header-display":"","ast-hfb-below-header-display":"","ast-hfb-mobile-header-display":"","site-post-title":"disabled","ast-breadcrumbs-content":"","ast-featured-img":"disabled","footer-sml-layout":"","theme-transparent-header-meta":"","adv-header-id-meta":"","stick-header-meta":"","header-above-stick-meta":"","header-main-stick-meta":"","header-below-stick-meta":"","astra-migrate-meta-layouts":"default","ast-page-background-enabled":"default","ast-page-background-meta":{"desktop":{"background-color":"var(--ast-global-color-5)","background-image":"","background-repeat":"repeat","background-position":"center center","background-size":"auto","background-attachment":"scroll","background-type":"","background-media":"","overlay-type":"","overlay-color":"","overlay-opacity":"","overlay-gradient":""},"tablet":{"background-color":"","background-image":"","background-repeat":"repeat","background-position":"center center","background-size":"auto","background-attachment":"scroll","background-type":"","background-media":"","overlay-type":"","overlay-color":"","overlay-opacity":"","overlay-gradient":""},"mobile":{"background-color":"","background-image":"","background-repeat":"repeat","background-position":"center center","background-size":"auto","background-attachment":"scroll","background-type":"","background-media":"","overlay-type":"","overlay-color":"","overlay-opacity":"","overlay-gradient":""}},"ast-content-background-meta":{"desktop":{"background-color":"var(--ast-global-color-4)","background-image":"","background-repeat":"repeat","background-position":"center center","background-size":"auto","background-attachment":"scroll","background-type":"","background-media":"","overlay-type":"","overlay-color":"","overlay-opacity":"","overlay-gradient":""},"tablet":{"background-color":"var(--ast-global-color-4)","background-image":"","background-repeat":"repeat","background-position":"center center","background-size":"auto","background-attachment":"scroll","background-type":"","background-media":"","overlay-type":"","overlay-color":"","overlay-opacity":"","overlay-gradient":""},"mobile":{"background-color":"var(--ast-global-color-4)","background-image":"","background-repeat":"repeat","background-position":"center center","background-size":"auto","background-attachment":"scroll","background-type":"","background-media":"","overlay-type":"","overlay-color":"","overlay-opacity":"","overlay-gradient":""}},"footnotes":""},"class_list":["post-14","page","type-page","status-publish","hentry"],"yoast_head":"<!-- This site is optimized with the Yoast SEO plugin v26.5 - https:\/\/yoast.com\/wordpress\/plugins\/seo\/ -->\n<title>Repert\u00f3rio -<\/title>\n<meta name=\"robots\" content=\"index, follow, max-snippet:-1, max-image-preview:large, max-video-preview:-1\" \/>\n<link rel=\"canonical\" href=\"https:\/\/sambaculejo.com.br\/?page_id=14\" \/>\n<meta property=\"og:locale\" content=\"pt_BR\" \/>\n<meta property=\"og:type\" content=\"article\" \/>\n<meta property=\"og:title\" content=\"Repert\u00f3rio -\" \/>\n<meta property=\"og:description\" content=\"Repert\u00f3rio variado e completo Preencha o formul\u00e1rio e entraremos em contato para transformar o evento dos seus sonhos em realidade. No nosso repert\u00f3rio est\u00e3o inclu\u00eddos samba, sertanejo, ax\u00e9, pop e rock.\" \/>\n<meta property=\"og:url\" content=\"https:\/\/sambaculejo.com.br\/?page_id=14\" \/>\n<meta property=\"article:modified_time\" content=\"2025-12-04T16:50:26+00:00\" \/>\n<meta property=\"og:image\" content=\"https:\/\/sambaculejo.com.br\/wp-content\/uploads\/2025\/11\/capa-repertorio-sambaculejo-prime-1024x384.png\" \/>\n\t<meta property=\"og:image:width\" content=\"1024\" \/>\n\t<meta property=\"og:image:height\" content=\"384\" \/>\n\t<meta property=\"og:image:type\" content=\"image\/png\" \/>\n<meta name=\"twitter:card\" content=\"summary_large_image\" \/>\n<script type=\"application\/ld+json\" class=\"yoast-schema-graph\">{\"@context\":\"https:\/\/schema.org\",\"@graph\":[{\"@type\":\"WebPage\",\"@id\":\"https:\/\/sambaculejo.com.br\/?page_id=14\",\"url\":\"https:\/\/sambaculejo.com.br\/?page_id=14\",\"name\":\"Repert\u00f3rio -\",\"isPartOf\":{\"@id\":\"https:\/\/sambaculejo.com.br\/#website\"},\"primaryImageOfPage\":{\"@id\":\"https:\/\/sambaculejo.com.br\/?page_id=14#primaryimage\"},\"image\":{\"@id\":\"https:\/\/sambaculejo.com.br\/?page_id=14#primaryimage\"},\"thumbnailUrl\":\"https:\/\/sambaculejo.com.br\/wp-content\/uploads\/2025\/11\/capa-repertorio-sambaculejo-prime.png\",\"datePublished\":\"2025-11-07T16:46:20+00:00\",\"dateModified\":\"2025-12-04T16:50:26+00:00\",\"breadcrumb\":{\"@id\":\"https:\/\/sambaculejo.com.br\/?page_id=14#breadcrumb\"},\"inLanguage\":\"pt-BR\",\"potentialAction\":[{\"@type\":\"ReadAction\",\"target\":[\"https:\/\/sambaculejo.com.br\/?page_id=14\"]}]},{\"@type\":\"ImageObject\",\"inLanguage\":\"pt-BR\",\"@id\":\"https:\/\/sambaculejo.com.br\/?page_id=14#primaryimage\",\"url\":\"https:\/\/sambaculejo.com.br\/wp-content\/uploads\/2025\/11\/capa-repertorio-sambaculejo-prime.png\",\"contentUrl\":\"https:\/\/sambaculejo.com.br\/wp-content\/uploads\/2025\/11\/capa-repertorio-sambaculejo-prime.png\",\"width\":1600,\"height\":600},{\"@type\":\"BreadcrumbList\",\"@id\":\"https:\/\/sambaculejo.com.br\/?page_id=14#breadcrumb\",\"itemListElement\":[{\"@type\":\"ListItem\",\"position\":1,\"name\":\"In\u00edcio\",\"item\":\"https:\/\/sambaculejo.com.br\/\"},{\"@type\":\"ListItem\",\"position\":2,\"name\":\"Repert\u00f3rio\"}]},{\"@type\":\"WebSite\",\"@id\":\"https:\/\/sambaculejo.com.br\/#website\",\"url\":\"https:\/\/sambaculejo.com.br\/\",\"name\":\"\",\"description\":\"\",\"potentialAction\":[{\"@type\":\"SearchAction\",\"target\":{\"@type\":\"EntryPoint\",\"urlTemplate\":\"https:\/\/sambaculejo.com.br\/?s={search_term_string}\"},\"query-input\":{\"@type\":\"PropertyValueSpecification\",\"valueRequired\":true,\"valueName\":\"search_term_string\"}}],\"inLanguage\":\"pt-BR\"}]}<\/script>\n<!-- \/ Yoast SEO plugin. -->","yoast_head_json":{"title":"Repert\u00f3rio -","robots":{"index":"index","follow":"follow","max-snippet":"max-snippet:-1","max-image-preview":"max-image-preview:large","max-video-preview":"max-video-preview:-1"},"canonical":"https:\/\/sambaculejo.com.br\/?page_id=14","og_locale":"pt_BR","og_type":"article","og_title":"Repert\u00f3rio -","og_description":"Repert\u00f3rio variado e completo Preencha o formul\u00e1rio e entraremos em contato para transformar o evento dos seus sonhos em realidade. No nosso repert\u00f3rio est\u00e3o inclu\u00eddos samba, sertanejo, ax\u00e9, pop e rock.","og_url":"https:\/\/sambaculejo.com.br\/?page_id=14","article_modified_time":"2025-12-04T16:50:26+00:00","og_image":[{"width":1024,"height":384,"url":"https:\/\/sambaculejo.com.br\/wp-content\/uploads\/2025\/11\/capa-repertorio-sambaculejo-prime-1024x384.png","type":"image\/png"}],"twitter_card":"summary_large_image","schema":{"@context":"https:\/\/schema.org","@graph":[{"@type":"WebPage","@id":"https:\/\/sambaculejo.com.br\/?page_id=14","url":"https:\/\/sambaculejo.com.br\/?page_id=14","name":"Repert\u00f3rio -","isPartOf":{"@id":"https:\/\/sambaculejo.com.br\/#website"},"primaryImageOfPage":{"@id":"https:\/\/sambaculejo.com.br\/?page_id=14#primaryimage"},"image":{"@id":"https:\/\/sambaculejo.com.br\/?page_id=14#primaryimage"},"thumbnailUrl":"https:\/\/sambaculejo.com.br\/wp-content\/uploads\/2025\/11\/capa-repertorio-sambaculejo-prime.png","datePublished":"2025-11-07T16:46:20+00:00","dateModified":"2025-12-04T16:50:26+00:00","breadcrumb":{"@id":"https:\/\/sambaculejo.com.br\/?page_id=14#breadcrumb"},"inLanguage":"pt-BR","potentialAction":[{"@type":"ReadAction","target":["https:\/\/sambaculejo.com.br\/?page_id=14"]}]},{"@type":"ImageObject","inLanguage":"pt-BR","@id":"https:\/\/sambaculejo.com.br\/?page_id=14#primaryimage","url":"https:\/\/sambaculejo.com.br\/wp-content\/uploads\/2025\/11\/capa-repertorio-sambaculejo-prime.png","contentUrl":"https:\/\/sambaculejo.com.br\/wp-content\/uploads\/2025\/11\/capa-repertorio-sambaculejo-prime.png","width":1600,"height":600},{"@type":"BreadcrumbList","@id":"https:\/\/sambaculejo.com.br\/?page_id=14#breadcrumb","itemListElement":[{"@type":"ListItem","position":1,"name":"In\u00edcio","item":"https:\/\/sambaculejo.com.br\/"},{"@type":"ListItem","position":2,"name":"Repert\u00f3rio"}]},{"@type":"WebSite","@id":"https:\/\/sambaculejo.com.br\/#website","url":"https:\/\/sambaculejo.com.br\/","name":"","description":"","potentialAction":[{"@type":"SearchAction","target":{"@type":"EntryPoint","urlTemplate":"https:\/\/sambaculejo.com.br\/?s={search_term_string}"},"query-input":{"@type":"PropertyValueSpecification","valueRequired":true,"valueName":"search_term_string"}}],"inLanguage":"pt-BR"}]}},"_links":{"self":[{"href":"https:\/\/sambaculejo.com.br\/index.php?rest_route=\/wp\/v2\/pages\/14","targetHints":{"allow":["GET"]}}],"collection":[{"href":"https:\/\/sambaculejo.com.br\/index.php?rest_route=\/wp\/v2\/pages"}],"about":[{"href":"https:\/\/sambaculejo.com.br\/index.php?rest_route=\/wp\/v2\/types\/page"}],"author":[{"embeddable":true,"href":"https:\/\/sambaculejo.com.br\/index.php?rest_route=\/wp\/v2\/users\/1"}],"replies":[{"embeddable":true,"href":"https:\/\/sambaculejo.com.br\/index.php?rest_route=%2Fwp%2Fv2%2Fcomments&post=14"}],"version-history":[{"count":82,"href":"https:\/\/sambaculejo.com.br\/index.php?rest_route=\/wp\/v2\/pages\/14\/revisions"}],"predecessor-version":[{"id":453,"href":"https:\/\/sambaculejo.com.br\/index.php?rest_route=\/wp\/v2\/pages\/14\/revisions\/453"}],"wp:attachment":[{"href":"https:\/\/sambaculejo.com.br\/index.php?rest_route=%2Fwp%2Fv2%2Fmedia&parent=14"}],"curies":[{"name":"wp","href":"https:\/\/api.w.org\/{rel}","templated":true}]}}