{"id":286,"date":"2025-11-10T11:00:58","date_gmt":"2025-11-10T14:00:58","guid":{"rendered":"https:\/\/sambaculejo.com.br\/?page_id=286"},"modified":"2025-12-04T14:02:54","modified_gmt":"2025-12-04T17:02:54","slug":"contatos","status":"publish","type":"page","link":"https:\/\/sambaculejo.com.br\/?page_id=286","title":{"rendered":"Contatos"},"content":{"rendered":"\t\t<div data-elementor-type=\"wp-page\" data-elementor-id=\"286\" class=\"elementor elementor-286\" data-elementor-settings=\"{&quot;ha_cmc_init_switcher&quot;:&quot;no&quot;}\">\n\t\t\t\t<div class=\"elementor-element elementor-element-32b8f09 e-con-full e-flex wpr-particle-no wpr-jarallax-no wpr-parallax-no wpr-sticky-section-no e-con e-parent\" data-id=\"32b8f09\" data-element_type=\"container\" data-settings=\"{&quot;background_background&quot;:&quot;classic&quot;,&quot;_ha_eqh_enable&quot;:false}\">\n\t\t<div class=\"elementor-element elementor-element-b800bb3 e-con-full e-flex wpr-particle-no wpr-jarallax-no wpr-parallax-no wpr-sticky-section-no elementor-invisible e-con e-child\" data-id=\"b800bb3\" data-element_type=\"container\" data-settings=\"{&quot;animation&quot;:&quot;fadeInUp&quot;,&quot;_ha_eqh_enable&quot;:false}\">\n\t\t\t\t<div class=\"elementor-element elementor-element-ecc2026 elementor-widget elementor-widget-heading\" data-id=\"ecc2026\" data-element_type=\"widget\" data-settings=\"{&quot;_animation&quot;:&quot;none&quot;}\" data-widget_type=\"heading.default\">\n\t\t\t\t\t<h2 class=\"elementor-heading-title elementor-size-default\">Nossos Contatos<\/h2>\t\t\t\t<\/div>\n\t\t\t\t<div class=\"elementor-element elementor-element-e4a8f76 elementor-icon-list--layout-traditional elementor-list-item-link-full_width elementor-widget elementor-widget-icon-list\" data-id=\"e4a8f76\" data-element_type=\"widget\" data-widget_type=\"icon-list.default\">\n\t\t\t\t\t\t\t<ul class=\"elementor-icon-list-items\">\n\t\t\t\t\t\t\t<li class=\"elementor-icon-list-item\">\n\t\t\t\t\t\t\t\t\t\t<span class=\"elementor-icon-list-text\">Email: aptus.producoes@gmail.com<\/span>\n\t\t\t\t\t\t\t\t\t<\/li>\n\t\t\t\t\t\t\t\t<li class=\"elementor-icon-list-item\">\n\t\t\t\t\t\t\t\t\t\t<span class=\"elementor-icon-list-text\">Email: Sambaculejoprime@gmail.com<\/span>\n\t\t\t\t\t\t\t\t\t<\/li>\n\t\t\t\t\t\t\t\t<li class=\"elementor-icon-list-item\">\n\t\t\t\t\t\t\t\t\t\t<span class=\"elementor-icon-list-text\">Contato: (19) 97154-8271<\/span>\n\t\t\t\t\t\t\t\t\t<\/li>\n\t\t\t\t\t\t\t\t<li class=\"elementor-icon-list-item\">\n\t\t\t\t\t\t\t\t\t\t<span class=\"elementor-icon-list-text\">Endere\u00e7o: Avenida S\u00e3o Jorge, 142 - Jardim Aeroporto, S\u00e3o Jo\u00e3o da Boa Vista- SP, 13870-000<\/span>\n\t\t\t\t\t\t\t\t\t<\/li>\n\t\t\t\t\t\t<\/ul>\n\t\t\t\t\t\t<\/div>\n\t\t\t\t<div class=\"elementor-element elementor-element-47ad052 elementor-widget elementor-widget-html\" data-id=\"47ad052\" data-element_type=\"widget\" data-widget_type=\"html.default\">\n\t\t\t\t\t<!-- WhatsApp Floating Button - \u00cdcone branco preenchido -->\r\n<a href=\"https:\/\/wa.me\/5519971548271?text=Ol\u00e1!%20Quero%20falar%20sobre%20eventos%20com%20o%20Sambaculejo%20Prime.\"\r\n   class=\"wa-float\" target=\"_blank\" rel=\"noopener\" aria-label=\"WhatsApp\">\r\n\r\n  <!-- \u00cdcone WhatsApp totalmente preenchido -->\r\n  <svg width=\"38\" height=\"38\" viewBox=\"0 0 24 24\" fill=\"#FFFFFF\">\r\n    <path d=\"M12.04 2C6.58 2 2.11 6.47 2.11 11.93c0 1.97.56 3.89 1.62 5.55L2 22l4.66-1.71a9.94 9.94 0 0 0 5.38 1.52h.01c5.46 0 9.93-4.47 9.93-9.93C21.99 6.47 17.5 2 12.04 2zm5.8 14.31c-.24.67-1.39 1.31-1.95 1.39-.5.07-1.14.1-1.83-.11-.42-.13-.96-.31-1.65-.61-2.92-1.27-4.82-4.19-4.96-4.39-.14-.19-1.18-1.57-1.18-2.99 0-1.42.75-2.11 1.02-2.4.27-.29.59-.36.79-.36.2 0 .4.01.57.01.19 0 .44-.07.69.53.24.59.83 2.03.91 2.17.08.14.14.31.03.5-.11.19-.17.31-.34.49-.17.19-.29.33-.42.53-.14.19-.3.4-.12.68.18.28.79 1.3 1.69 2.1 1.17 1.04 2.16 1.37 2.45 1.51.29.14.46.12.63-.07.18-.19.72-.84.91-1.12.19-.29.39-.24.66-.14.27.1 1.71.81 2 .96.29.14.48.21.55.33.06.12.06.71-.18 1.38z\"\/>\r\n  <\/svg>\r\n\r\n<\/a>\r\n\r\n<style>\r\n  .wa-float{\r\n    position:fixed;\r\n    right:18px;\r\n    bottom:18px;\r\n    width:68px;\r\n    height:68px;\r\n    display:flex;\r\n    align-items:center;\r\n    justify-content:center;\r\n    background:#B38F36; \/* cor do bot\u00e3o *\/\r\n    border-radius:50%;\r\n    box-shadow:0 8px 24px rgba(0,0,0,0.28);\r\n    text-decoration:none;\r\n    z-index:999999;\r\n    transition:transform .15s ease, box-shadow .15s ease;\r\n  }\r\n\r\n  .wa-float:hover{\r\n    transform:translateY(-3px);\r\n    box-shadow:0 12px 28px rgba(0,0,0,0.32);\r\n  }\r\n\r\n  @media (max-width: 480px){\r\n    .wa-float{\r\n      width:60px;\r\n      height:60px;\r\n      right:14px;\r\n      bottom:14px;\r\n    }\r\n  }\r\n<\/style>\r\n\t\t\t\t<\/div>\n\t\t\t\t<\/div>\n\t\t<div class=\"elementor-element elementor-element-e55b5ec e-con-full e-flex wpr-particle-no wpr-jarallax-no wpr-parallax-no wpr-sticky-section-no elementor-invisible e-con e-child\" data-id=\"e55b5ec\" data-element_type=\"container\" data-settings=\"{&quot;animation&quot;:&quot;fadeInUp&quot;,&quot;_ha_eqh_enable&quot;:false}\">\n\t\t\t\t<div class=\"elementor-element elementor-element-1602f97 elementor-widget elementor-widget-google_maps\" data-id=\"1602f97\" data-element_type=\"widget\" data-widget_type=\"google_maps.default\">\n\t\t\t\t\t\t\t<div class=\"elementor-custom-embed\">\n\t\t\t<iframe loading=\"lazy\"\n\t\t\t\t\tsrc=\"https:\/\/maps.google.com\/maps?q=Av.%20S%C3%A3o%20Jorge%2C%20142%20-%20Jardim%20Aeroporto%2C%20S%C3%A3o%20Jo%C3%A3o%20da%20Boa%20Vista%20-%20SP%2C%2013870-000&#038;t=m&#038;z=10&#038;output=embed&#038;iwloc=near\"\n\t\t\t\t\ttitle=\"Av. S\u00e3o Jorge, 142 - Jardim Aeroporto, S\u00e3o Jo\u00e3o da Boa Vista - SP, 13870-000\"\n\t\t\t\t\taria-label=\"Av. S\u00e3o Jorge, 142 - Jardim Aeroporto, S\u00e3o Jo\u00e3o da Boa Vista - SP, 13870-000\"\n\t\t\t><\/iframe>\n\t\t<\/div>\n\t\t\t\t\t\t<\/div>\n\t\t\t\t<\/div>\n\t\t\t\t<\/div>\n\t\t\t\t<\/div>\n\t\t","protected":false},"excerpt":{"rendered":"<p>Nossos Contatos Email: aptus.producoes@gmail.com Email: Sambaculejoprime@gmail.com Contato: (19) 97154-8271 Endere\u00e7o: Avenida S\u00e3o Jorge, 142 &#8211; Jardim Aeroporto, S\u00e3o Jo\u00e3o da Boa Vista- SP, 13870-000<\/p>\n","protected":false},"author":1,"featured_media":0,"parent":0,"menu_order":0,"comment_status":"closed","ping_status":"closed","template":"","meta":{"_monsterinsights_skip_tracking":false,"_monsterinsights_sitenote_active":false,"_monsterinsights_sitenote_note":"","_monsterinsights_sitenote_category":0,"site-sidebar-layout":"no-sidebar","site-content-layout":"","ast-site-content-layout":"full-width-container","site-content-style":"default","site-sidebar-style":"default","ast-global-header-display":"","ast-banner-title-visibility":"","ast-main-header-display":"","ast-hfb-above-header-display":"","ast-hfb-below-header-display":"","ast-hfb-mobile-header-display":"","site-post-title":"disabled","ast-breadcrumbs-content":"","ast-featured-img":"disabled","footer-sml-layout":"","theme-transparent-header-meta":"","adv-header-id-meta":"","stick-header-meta":"","header-above-stick-meta":"","header-main-stick-meta":"","header-below-stick-meta":"","astra-migrate-meta-layouts":"default","ast-page-background-enabled":"default","ast-page-background-meta":{"desktop":{"background-color":"var(--ast-global-color-5)","background-image":"","background-repeat":"repeat","background-position":"center center","background-size":"auto","background-attachment":"scroll","background-type":"","background-media":"","overlay-type":"","overlay-color":"","overlay-opacity":"","overlay-gradient":""},"tablet":{"background-color":"","background-image":"","background-repeat":"repeat","background-position":"center center","background-size":"auto","background-attachment":"scroll","background-type":"","background-media":"","overlay-type":"","overlay-color":"","overlay-opacity":"","overlay-gradient":""},"mobile":{"background-color":"","background-image":"","background-repeat":"repeat","background-position":"center center","background-size":"auto","background-attachment":"scroll","background-type":"","background-media":"","overlay-type":"","overlay-color":"","overlay-opacity":"","overlay-gradient":""}},"ast-content-background-meta":{"desktop":{"background-color":"var(--ast-global-color-4)","background-image":"","background-repeat":"repeat","background-position":"center center","background-size":"auto","background-attachment":"scroll","background-type":"","background-media":"","overlay-type":"","overlay-color":"","overlay-opacity":"","overlay-gradient":""},"tablet":{"background-color":"var(--ast-global-color-4)","background-image":"","background-repeat":"repeat","background-position":"center center","background-size":"auto","background-attachment":"scroll","background-type":"","background-media":"","overlay-type":"","overlay-color":"","overlay-opacity":"","overlay-gradient":""},"mobile":{"background-color":"var(--ast-global-color-4)","background-image":"","background-repeat":"repeat","background-position":"center center","background-size":"auto","background-attachment":"scroll","background-type":"","background-media":"","overlay-type":"","overlay-color":"","overlay-opacity":"","overlay-gradient":""}},"footnotes":""},"class_list":["post-286","page","type-page","status-publish","hentry"],"yoast_head":"<!-- This site is optimized with the Yoast SEO plugin v26.5 - https:\/\/yoast.com\/wordpress\/plugins\/seo\/ -->\n<title>Contatos -<\/title>\n<meta name=\"robots\" content=\"index, follow, max-snippet:-1, max-image-preview:large, max-video-preview:-1\" \/>\n<link rel=\"canonical\" href=\"https:\/\/sambaculejo.com.br\/?page_id=286\" \/>\n<meta property=\"og:locale\" content=\"pt_BR\" \/>\n<meta property=\"og:type\" content=\"article\" \/>\n<meta property=\"og:title\" content=\"Contatos -\" \/>\n<meta property=\"og:description\" content=\"Nossos Contatos Email: aptus.producoes@gmail.com Email: Sambaculejoprime@gmail.com Contato: (19) 97154-8271 Endere\u00e7o: Avenida S\u00e3o Jorge, 142 &#8211; Jardim Aeroporto, S\u00e3o Jo\u00e3o da Boa Vista- SP, 13870-000\" \/>\n<meta property=\"og:url\" content=\"https:\/\/sambaculejo.com.br\/?page_id=286\" \/>\n<meta property=\"article:modified_time\" content=\"2025-12-04T17:02:54+00:00\" \/>\n<meta name=\"twitter:card\" content=\"summary_large_image\" \/>\n<script type=\"application\/ld+json\" class=\"yoast-schema-graph\">{\"@context\":\"https:\/\/schema.org\",\"@graph\":[{\"@type\":\"WebPage\",\"@id\":\"https:\/\/sambaculejo.com.br\/?page_id=286\",\"url\":\"https:\/\/sambaculejo.com.br\/?page_id=286\",\"name\":\"Contatos -\",\"isPartOf\":{\"@id\":\"https:\/\/sambaculejo.com.br\/#website\"},\"datePublished\":\"2025-11-10T14:00:58+00:00\",\"dateModified\":\"2025-12-04T17:02:54+00:00\",\"breadcrumb\":{\"@id\":\"https:\/\/sambaculejo.com.br\/?page_id=286#breadcrumb\"},\"inLanguage\":\"pt-BR\",\"potentialAction\":[{\"@type\":\"ReadAction\",\"target\":[\"https:\/\/sambaculejo.com.br\/?page_id=286\"]}]},{\"@type\":\"BreadcrumbList\",\"@id\":\"https:\/\/sambaculejo.com.br\/?page_id=286#breadcrumb\",\"itemListElement\":[{\"@type\":\"ListItem\",\"position\":1,\"name\":\"In\u00edcio\",\"item\":\"https:\/\/sambaculejo.com.br\/\"},{\"@type\":\"ListItem\",\"position\":2,\"name\":\"Contatos\"}]},{\"@type\":\"WebSite\",\"@id\":\"https:\/\/sambaculejo.com.br\/#website\",\"url\":\"https:\/\/sambaculejo.com.br\/\",\"name\":\"\",\"description\":\"\",\"potentialAction\":[{\"@type\":\"SearchAction\",\"target\":{\"@type\":\"EntryPoint\",\"urlTemplate\":\"https:\/\/sambaculejo.com.br\/?s={search_term_string}\"},\"query-input\":{\"@type\":\"PropertyValueSpecification\",\"valueRequired\":true,\"valueName\":\"search_term_string\"}}],\"inLanguage\":\"pt-BR\"}]}<\/script>\n<!-- \/ Yoast SEO plugin. -->","yoast_head_json":{"title":"Contatos -","robots":{"index":"index","follow":"follow","max-snippet":"max-snippet:-1","max-image-preview":"max-image-preview:large","max-video-preview":"max-video-preview:-1"},"canonical":"https:\/\/sambaculejo.com.br\/?page_id=286","og_locale":"pt_BR","og_type":"article","og_title":"Contatos -","og_description":"Nossos Contatos Email: aptus.producoes@gmail.com Email: Sambaculejoprime@gmail.com Contato: (19) 97154-8271 Endere\u00e7o: Avenida S\u00e3o Jorge, 142 &#8211; Jardim Aeroporto, S\u00e3o Jo\u00e3o da Boa Vista- SP, 13870-000","og_url":"https:\/\/sambaculejo.com.br\/?page_id=286","article_modified_time":"2025-12-04T17:02:54+00:00","twitter_card":"summary_large_image","schema":{"@context":"https:\/\/schema.org","@graph":[{"@type":"WebPage","@id":"https:\/\/sambaculejo.com.br\/?page_id=286","url":"https:\/\/sambaculejo.com.br\/?page_id=286","name":"Contatos -","isPartOf":{"@id":"https:\/\/sambaculejo.com.br\/#website"},"datePublished":"2025-11-10T14:00:58+00:00","dateModified":"2025-12-04T17:02:54+00:00","breadcrumb":{"@id":"https:\/\/sambaculejo.com.br\/?page_id=286#breadcrumb"},"inLanguage":"pt-BR","potentialAction":[{"@type":"ReadAction","target":["https:\/\/sambaculejo.com.br\/?page_id=286"]}]},{"@type":"BreadcrumbList","@id":"https:\/\/sambaculejo.com.br\/?page_id=286#breadcrumb","itemListElement":[{"@type":"ListItem","position":1,"name":"In\u00edcio","item":"https:\/\/sambaculejo.com.br\/"},{"@type":"ListItem","position":2,"name":"Contatos"}]},{"@type":"WebSite","@id":"https:\/\/sambaculejo.com.br\/#website","url":"https:\/\/sambaculejo.com.br\/","name":"","description":"","potentialAction":[{"@type":"SearchAction","target":{"@type":"EntryPoint","urlTemplate":"https:\/\/sambaculejo.com.br\/?s={search_term_string}"},"query-input":{"@type":"PropertyValueSpecification","valueRequired":true,"valueName":"search_term_string"}}],"inLanguage":"pt-BR"}]}},"_links":{"self":[{"href":"https:\/\/sambaculejo.com.br\/index.php?rest_route=\/wp\/v2\/pages\/286","targetHints":{"allow":["GET"]}}],"collection":[{"href":"https:\/\/sambaculejo.com.br\/index.php?rest_route=\/wp\/v2\/pages"}],"about":[{"href":"https:\/\/sambaculejo.com.br\/index.php?rest_route=\/wp\/v2\/types\/page"}],"author":[{"embeddable":true,"href":"https:\/\/sambaculejo.com.br\/index.php?rest_route=\/wp\/v2\/users\/1"}],"replies":[{"embeddable":true,"href":"https:\/\/sambaculejo.com.br\/index.php?rest_route=%2Fwp%2Fv2%2Fcomments&post=286"}],"version-history":[{"count":34,"href":"https:\/\/sambaculejo.com.br\/index.php?rest_route=\/wp\/v2\/pages\/286\/revisions"}],"predecessor-version":[{"id":466,"href":"https:\/\/sambaculejo.com.br\/index.php?rest_route=\/wp\/v2\/pages\/286\/revisions\/466"}],"wp:attachment":[{"href":"https:\/\/sambaculejo.com.br\/index.php?rest_route=%2Fwp%2Fv2%2Fmedia&parent=286"}],"curies":[{"name":"wp","href":"https:\/\/api.w.org\/{rel}","templated":true}]}}