{"id":328,"date":"2025-11-10T12:10:38","date_gmt":"2025-11-10T15:10:38","guid":{"rendered":"https:\/\/sambaculejo.com.br\/?page_id=328"},"modified":"2025-12-04T14:01:46","modified_gmt":"2025-12-04T17:01:46","slug":"feedbacks","status":"publish","type":"page","link":"https:\/\/sambaculejo.com.br\/?page_id=328","title":{"rendered":"Feedbacks"},"content":{"rendered":"\t\t<div data-elementor-type=\"wp-page\" data-elementor-id=\"328\" class=\"elementor elementor-328\" data-elementor-settings=\"{&quot;ha_cmc_init_switcher&quot;:&quot;no&quot;}\">\n\t\t\t\t<div class=\"elementor-element elementor-element-39088b6 e-flex e-con-boxed wpr-particle-no wpr-jarallax-no wpr-parallax-no wpr-sticky-section-no e-con e-parent\" data-id=\"39088b6\" data-element_type=\"container\" data-settings=\"{&quot;background_background&quot;:&quot;classic&quot;,&quot;_ha_eqh_enable&quot;:false}\">\n\t\t\t\t\t<div class=\"e-con-inner\">\n\t\t\t\t<div class=\"elementor-element elementor-element-d4ee8c8 elementor-widget elementor-widget-spacer\" data-id=\"d4ee8c8\" data-element_type=\"widget\" data-widget_type=\"spacer.default\">\n\t\t\t\t\t\t\t<div class=\"elementor-spacer\">\n\t\t\t<div class=\"elementor-spacer-inner\"><\/div>\n\t\t<\/div>\n\t\t\t\t\t\t<\/div>\n\t\t\t\t<div class=\"elementor-element elementor-element-12fdf17 elementor-invisible elementor-widget elementor-widget-heading\" data-id=\"12fdf17\" data-element_type=\"widget\" data-settings=\"{&quot;_animation&quot;:&quot;fadeInUp&quot;}\" data-widget_type=\"heading.default\">\n\t\t\t\t\t<h2 class=\"elementor-heading-title elementor-size-default\">A M\u00fasica passa, mas a mem\u00f3rias ficam<\/h2>\t\t\t\t<\/div>\n\t\t\t\t<div class=\"elementor-element elementor-element-4dcb98e elementor-invisible elementor-widget elementor-widget-heading\" data-id=\"4dcb98e\" data-element_type=\"widget\" data-settings=\"{&quot;_animation&quot;:&quot;fadeInUp&quot;}\" data-widget_type=\"heading.default\">\n\t\t\t\t\t<h2 class=\"elementor-heading-title elementor-size-default\">Veja o que nossos clientes t\u00eam a dizer sobre viver o show Sambacul\u00eajo<\/h2>\t\t\t\t<\/div>\n\t\t\t\t<div class=\"elementor-element elementor-element-c7e72f5 elementor-align-center elementor-invisible elementor-widget elementor-widget-button\" data-id=\"c7e72f5\" data-element_type=\"widget\" data-settings=\"{&quot;_animation&quot;:&quot;fadeInUp&quot;}\" data-widget_type=\"button.default\">\n\t\t\t\t\t\t\t\t\t\t<a class=\"elementor-button elementor-button-link elementor-size-sm\" href=\"https:\/\/wa.me\/5519971548271?text=Ol\u00e1!%20Quero%20falar%20sobre%20eventos%20com%20o%20Sambaculejo%20Prime.\">\n\t\t\t\t\t\t<span class=\"elementor-button-content-wrapper\">\n\t\t\t\t\t\t\t\t\t<span class=\"elementor-button-text\">Envie seu Feedback<\/span>\n\t\t\t\t\t<\/span>\n\t\t\t\t\t<\/a>\n\t\t\t\t\t\t\t\t<\/div>\n\t\t\t\t<div class=\"elementor-element elementor-element-fd961ac elementor-widget elementor-widget-spacer\" data-id=\"fd961ac\" data-element_type=\"widget\" data-widget_type=\"spacer.default\">\n\t\t\t\t\t\t\t<div class=\"elementor-spacer\">\n\t\t\t<div class=\"elementor-spacer-inner\"><\/div>\n\t\t<\/div>\n\t\t\t\t\t\t<\/div>\n\t\t\t\t\t<\/div>\n\t\t\t\t<\/div>\n\t\t<div class=\"elementor-element elementor-element-d66f3a3 e-flex e-con-boxed wpr-particle-no wpr-jarallax-no wpr-parallax-no wpr-sticky-section-no e-con e-parent\" data-id=\"d66f3a3\" data-element_type=\"container\" data-settings=\"{&quot;_ha_eqh_enable&quot;:false}\">\n\t\t\t\t\t<div class=\"e-con-inner\">\n\t\t\t\t<div class=\"elementor-element elementor-element-56a93e0 elementor-widget elementor-widget-spacer\" data-id=\"56a93e0\" data-element_type=\"widget\" data-widget_type=\"spacer.default\">\n\t\t\t\t\t\t\t<div class=\"elementor-spacer\">\n\t\t\t<div class=\"elementor-spacer-inner\"><\/div>\n\t\t<\/div>\n\t\t\t\t\t\t<\/div>\n\t\t\t\t\t<\/div>\n\t\t\t\t<\/div>\n\t\t<div class=\"elementor-element elementor-element-b75fcde e-flex e-con-boxed wpr-particle-no wpr-jarallax-no wpr-parallax-no wpr-sticky-section-no e-con e-parent\" data-id=\"b75fcde\" data-element_type=\"container\" data-settings=\"{&quot;_ha_eqh_enable&quot;:false}\">\n\t\t\t\t\t<div class=\"e-con-inner\">\n\t\t<div class=\"elementor-element elementor-element-785953b e-con-full e-flex wpr-particle-no wpr-jarallax-no wpr-parallax-no wpr-sticky-section-no e-con e-child\" data-id=\"785953b\" data-element_type=\"container\" data-settings=\"{&quot;_ha_eqh_enable&quot;:false}\">\n\t\t\t\t<div class=\"elementor-element elementor-element-6aab6aa elementor-widget elementor-widget-video\" data-id=\"6aab6aa\" data-element_type=\"widget\" data-settings=\"{&quot;video_type&quot;:&quot;hosted&quot;,&quot;show_image_overlay&quot;:&quot;yes&quot;,&quot;image_overlay&quot;:{&quot;url&quot;:&quot;&quot;,&quot;id&quot;:&quot;&quot;,&quot;size&quot;:&quot;&quot;,&quot;alt&quot;:&quot;&quot;,&quot;source&quot;:&quot;library&quot;},&quot;controls&quot;:&quot;yes&quot;}\" data-widget_type=\"video.default\">\n\t\t\t\t\t\t\t<div class=\"e-hosted-video elementor-wrapper elementor-open-inline\">\n\t\t\t\t\t<video class=\"elementor-video\" src=\"https:\/\/sambaculejo.com.br\/wp-content\/uploads\/2025\/11\/Video-do-WhatsApp-de-2025-10-01-as-13.36.51_04a10d34.mp4\" controls=\"\" preload=\"metadata\" controlsList=\"nodownload\" poster=\"https:\/\/sambaculejo.com.br\/wp-content\/uploads\/2025\/11\/capa-video-feedback-2.png\"><\/video>\n\t\t\t\t<\/div>\n\t\t\t\t\t\t<\/div>\n\t\t\t\t<\/div>\n\t\t<div class=\"elementor-element elementor-element-a4763a7 e-con-full e-flex wpr-particle-no wpr-jarallax-no wpr-parallax-no wpr-sticky-section-no e-con e-child\" data-id=\"a4763a7\" data-element_type=\"container\" data-settings=\"{&quot;_ha_eqh_enable&quot;:false}\">\n\t\t\t\t<\/div>\n\t\t\t\t\t<\/div>\n\t\t\t\t<\/div>\n\t\t<div class=\"elementor-element elementor-element-05ba70a e-flex e-con-boxed wpr-particle-no wpr-jarallax-no wpr-parallax-no wpr-sticky-section-no e-con e-parent\" data-id=\"05ba70a\" data-element_type=\"container\" data-settings=\"{&quot;_ha_eqh_enable&quot;:false}\">\n\t\t\t\t\t<div class=\"e-con-inner\">\n\t\t\t\t<div class=\"elementor-element elementor-element-a785dd6 elementor-widget elementor-widget-spacer\" data-id=\"a785dd6\" data-element_type=\"widget\" data-widget_type=\"spacer.default\">\n\t\t\t\t\t\t\t<div class=\"elementor-spacer\">\n\t\t\t<div class=\"elementor-spacer-inner\"><\/div>\n\t\t<\/div>\n\t\t\t\t\t\t<\/div>\n\t\t\t\t<div class=\"elementor-element elementor-element-3e5ddff elementor-widget elementor-widget-image-gallery\" data-id=\"3e5ddff\" data-element_type=\"widget\" data-widget_type=\"image-gallery.default\">\n\t\t\t\t\t\t\t<div class=\"elementor-image-gallery\">\n\t\t\t<div id='gallery-1' class='gallery galleryid-328 gallery-columns-3 gallery-size-full'><figure class='gallery-item'>\n\t\t\t<div class='gallery-icon portrait'>\n\t\t\t\t<a data-elementor-open-lightbox=\"yes\" data-elementor-lightbox-slideshow=\"3e5ddff\" data-elementor-lightbox-title=\"111\" data-e-action-hash=\"#elementor-action%3Aaction%3Dlightbox%26settings%3DeyJpZCI6MTI3LCJ1cmwiOiJodHRwczpcL1wvc2FtYmFjdWxlam8uY29tLmJyXC93cC1jb250ZW50XC91cGxvYWRzXC8yMDI1XC8xMVwvMTExLnBuZyIsInNsaWRlc2hvdyI6IjNlNWRkZmYifQ%3D%3D\" href='https:\/\/sambaculejo.com.br\/wp-content\/uploads\/2025\/11\/111.png'><img fetchpriority=\"high\" decoding=\"async\" width=\"300\" height=\"500\" src=\"https:\/\/sambaculejo.com.br\/wp-content\/uploads\/2025\/11\/111.png\" class=\"attachment-full size-full\" alt=\"\" srcset=\"https:\/\/sambaculejo.com.br\/wp-content\/uploads\/2025\/11\/111.png 300w, https:\/\/sambaculejo.com.br\/wp-content\/uploads\/2025\/11\/111-180x300.png 180w\" sizes=\"(max-width: 300px) 100vw, 300px\" \/><\/a>\n\t\t\t<\/div><\/figure><figure class='gallery-item'>\n\t\t\t<div class='gallery-icon portrait'>\n\t\t\t\t<a data-elementor-open-lightbox=\"yes\" data-elementor-lightbox-slideshow=\"3e5ddff\" data-elementor-lightbox-title=\"112\" data-e-action-hash=\"#elementor-action%3Aaction%3Dlightbox%26settings%3DeyJpZCI6MTI4LCJ1cmwiOiJodHRwczpcL1wvc2FtYmFjdWxlam8uY29tLmJyXC93cC1jb250ZW50XC91cGxvYWRzXC8yMDI1XC8xMVwvMTEyLnBuZyIsInNsaWRlc2hvdyI6IjNlNWRkZmYifQ%3D%3D\" href='https:\/\/sambaculejo.com.br\/wp-content\/uploads\/2025\/11\/112.png'><img decoding=\"async\" width=\"300\" height=\"500\" src=\"https:\/\/sambaculejo.com.br\/wp-content\/uploads\/2025\/11\/112.png\" class=\"attachment-full size-full\" alt=\"\" srcset=\"https:\/\/sambaculejo.com.br\/wp-content\/uploads\/2025\/11\/112.png 300w, https:\/\/sambaculejo.com.br\/wp-content\/uploads\/2025\/11\/112-180x300.png 180w\" sizes=\"(max-width: 300px) 100vw, 300px\" \/><\/a>\n\t\t\t<\/div><\/figure><figure class='gallery-item'>\n\t\t\t<div class='gallery-icon portrait'>\n\t\t\t\t<a data-elementor-open-lightbox=\"yes\" data-elementor-lightbox-slideshow=\"3e5ddff\" data-elementor-lightbox-title=\"feed03\" data-e-action-hash=\"#elementor-action%3Aaction%3Dlightbox%26settings%3DeyJpZCI6NDU0LCJ1cmwiOiJodHRwczpcL1wvc2FtYmFjdWxlam8uY29tLmJyXC93cC1jb250ZW50XC91cGxvYWRzXC8yMDI1XC8xMlwvZmVlZDAzLnBuZyIsInNsaWRlc2hvdyI6IjNlNWRkZmYifQ%3D%3D\" href='https:\/\/sambaculejo.com.br\/wp-content\/uploads\/2025\/12\/feed03.png'><img decoding=\"async\" width=\"300\" height=\"500\" src=\"https:\/\/sambaculejo.com.br\/wp-content\/uploads\/2025\/12\/feed03.png\" class=\"attachment-full size-full\" alt=\"\" srcset=\"https:\/\/sambaculejo.com.br\/wp-content\/uploads\/2025\/12\/feed03.png 300w, https:\/\/sambaculejo.com.br\/wp-content\/uploads\/2025\/12\/feed03-180x300.png 180w\" sizes=\"(max-width: 300px) 100vw, 300px\" \/><\/a>\n\t\t\t<\/div><\/figure>\n\t\t<\/div>\n\t\t<\/div>\n\t\t\t\t\t\t<\/div>\n\t\t\t\t<div class=\"elementor-element elementor-element-0fe5cd5 elementor-widget elementor-widget-spacer\" data-id=\"0fe5cd5\" data-element_type=\"widget\" data-widget_type=\"spacer.default\">\n\t\t\t\t\t\t\t<div class=\"elementor-spacer\">\n\t\t\t<div class=\"elementor-spacer-inner\"><\/div>\n\t\t<\/div>\n\t\t\t\t\t\t<\/div>\n\t\t\t\t\t<\/div>\n\t\t\t\t<\/div>\n\t\t\t\t<\/div>\n\t\t","protected":false},"excerpt":{"rendered":"<p>A M\u00fasica passa, mas a mem\u00f3rias ficam Veja o que nossos clientes t\u00eam a dizer sobre viver o show Sambacul\u00eajo Envie seu Feedback https:\/\/sambaculejo.com.br\/wp-content\/uploads\/2025\/11\/Video-do-WhatsApp-de-2025-10-01-as-13.36.51_04a10d34.mp4<\/p>\n","protected":false},"author":1,"featured_media":0,"parent":0,"menu_order":0,"comment_status":"closed","ping_status":"closed","template":"","meta":{"_monsterinsights_skip_tracking":false,"_monsterinsights_sitenote_active":false,"_monsterinsights_sitenote_note":"","_monsterinsights_sitenote_category":0,"site-sidebar-layout":"no-sidebar","site-content-layout":"","ast-site-content-layout":"full-width-container","site-content-style":"default","site-sidebar-style":"default","ast-global-header-display":"","ast-banner-title-visibility":"","ast-main-header-display":"","ast-hfb-above-header-display":"","ast-hfb-below-header-display":"","ast-hfb-mobile-header-display":"","site-post-title":"disabled","ast-breadcrumbs-content":"","ast-featured-img":"disabled","footer-sml-layout":"","theme-transparent-header-meta":"","adv-header-id-meta":"","stick-header-meta":"","header-above-stick-meta":"","header-main-stick-meta":"","header-below-stick-meta":"","astra-migrate-meta-layouts":"default","ast-page-background-enabled":"default","ast-page-background-meta":{"desktop":{"background-color":"var(--ast-global-color-5)","background-image":"","background-repeat":"repeat","background-position":"center center","background-size":"auto","background-attachment":"scroll","background-type":"","background-media":"","overlay-type":"","overlay-color":"","overlay-opacity":"","overlay-gradient":""},"tablet":{"background-color":"","background-image":"","background-repeat":"repeat","background-position":"center center","background-size":"auto","background-attachment":"scroll","background-type":"","background-media":"","overlay-type":"","overlay-color":"","overlay-opacity":"","overlay-gradient":""},"mobile":{"background-color":"","background-image":"","background-repeat":"repeat","background-position":"center center","background-size":"auto","background-attachment":"scroll","background-type":"","background-media":"","overlay-type":"","overlay-color":"","overlay-opacity":"","overlay-gradient":""}},"ast-content-background-meta":{"desktop":{"background-color":"var(--ast-global-color-4)","background-image":"","background-repeat":"repeat","background-position":"center center","background-size":"auto","background-attachment":"scroll","background-type":"","background-media":"","overlay-type":"","overlay-color":"","overlay-opacity":"","overlay-gradient":""},"tablet":{"background-color":"var(--ast-global-color-4)","background-image":"","background-repeat":"repeat","background-position":"center center","background-size":"auto","background-attachment":"scroll","background-type":"","background-media":"","overlay-type":"","overlay-color":"","overlay-opacity":"","overlay-gradient":""},"mobile":{"background-color":"var(--ast-global-color-4)","background-image":"","background-repeat":"repeat","background-position":"center center","background-size":"auto","background-attachment":"scroll","background-type":"","background-media":"","overlay-type":"","overlay-color":"","overlay-opacity":"","overlay-gradient":""}},"footnotes":""},"class_list":["post-328","page","type-page","status-publish","hentry"],"yoast_head":"<!-- This site is optimized with the Yoast SEO plugin v26.5 - https:\/\/yoast.com\/wordpress\/plugins\/seo\/ -->\n<title>Feedbacks -<\/title>\n<meta name=\"robots\" content=\"index, follow, max-snippet:-1, max-image-preview:large, max-video-preview:-1\" \/>\n<link rel=\"canonical\" href=\"https:\/\/sambaculejo.com.br\/?page_id=328\" \/>\n<meta property=\"og:locale\" content=\"pt_BR\" \/>\n<meta property=\"og:type\" content=\"article\" \/>\n<meta property=\"og:title\" content=\"Feedbacks -\" \/>\n<meta property=\"og:description\" content=\"A M\u00fasica passa, mas a mem\u00f3rias ficam Veja o que nossos clientes t\u00eam a dizer sobre viver o show Sambacul\u00eajo Envie seu Feedback https:\/\/sambaculejo.com.br\/wp-content\/uploads\/2025\/11\/Video-do-WhatsApp-de-2025-10-01-as-13.36.51_04a10d34.mp4\" \/>\n<meta property=\"og:url\" content=\"https:\/\/sambaculejo.com.br\/?page_id=328\" \/>\n<meta property=\"article:modified_time\" content=\"2025-12-04T17:01:46+00:00\" \/>\n<meta property=\"og:image\" content=\"https:\/\/sambaculejo.com.br\/wp-content\/uploads\/2025\/11\/111.png\" \/>\n<meta name=\"twitter:card\" content=\"summary_large_image\" \/>\n<script type=\"application\/ld+json\" class=\"yoast-schema-graph\">{\"@context\":\"https:\/\/schema.org\",\"@graph\":[{\"@type\":\"WebPage\",\"@id\":\"https:\/\/sambaculejo.com.br\/?page_id=328\",\"url\":\"https:\/\/sambaculejo.com.br\/?page_id=328\",\"name\":\"Feedbacks -\",\"isPartOf\":{\"@id\":\"https:\/\/sambaculejo.com.br\/#website\"},\"primaryImageOfPage\":{\"@id\":\"https:\/\/sambaculejo.com.br\/?page_id=328#primaryimage\"},\"image\":{\"@id\":\"https:\/\/sambaculejo.com.br\/?page_id=328#primaryimage\"},\"thumbnailUrl\":\"https:\/\/sambaculejo.com.br\/wp-content\/uploads\/2025\/11\/111.png\",\"datePublished\":\"2025-11-10T15:10:38+00:00\",\"dateModified\":\"2025-12-04T17:01:46+00:00\",\"breadcrumb\":{\"@id\":\"https:\/\/sambaculejo.com.br\/?page_id=328#breadcrumb\"},\"inLanguage\":\"pt-BR\",\"potentialAction\":[{\"@type\":\"ReadAction\",\"target\":[\"https:\/\/sambaculejo.com.br\/?page_id=328\"]}]},{\"@type\":\"ImageObject\",\"inLanguage\":\"pt-BR\",\"@id\":\"https:\/\/sambaculejo.com.br\/?page_id=328#primaryimage\",\"url\":\"https:\/\/sambaculejo.com.br\/wp-content\/uploads\/2025\/11\/111.png\",\"contentUrl\":\"https:\/\/sambaculejo.com.br\/wp-content\/uploads\/2025\/11\/111.png\"},{\"@type\":\"BreadcrumbList\",\"@id\":\"https:\/\/sambaculejo.com.br\/?page_id=328#breadcrumb\",\"itemListElement\":[{\"@type\":\"ListItem\",\"position\":1,\"name\":\"In\u00edcio\",\"item\":\"https:\/\/sambaculejo.com.br\/\"},{\"@type\":\"ListItem\",\"position\":2,\"name\":\"Feedbacks\"}]},{\"@type\":\"WebSite\",\"@id\":\"https:\/\/sambaculejo.com.br\/#website\",\"url\":\"https:\/\/sambaculejo.com.br\/\",\"name\":\"\",\"description\":\"\",\"potentialAction\":[{\"@type\":\"SearchAction\",\"target\":{\"@type\":\"EntryPoint\",\"urlTemplate\":\"https:\/\/sambaculejo.com.br\/?s={search_term_string}\"},\"query-input\":{\"@type\":\"PropertyValueSpecification\",\"valueRequired\":true,\"valueName\":\"search_term_string\"}}],\"inLanguage\":\"pt-BR\"}]}<\/script>\n<!-- \/ Yoast SEO plugin. -->","yoast_head_json":{"title":"Feedbacks -","robots":{"index":"index","follow":"follow","max-snippet":"max-snippet:-1","max-image-preview":"max-image-preview:large","max-video-preview":"max-video-preview:-1"},"canonical":"https:\/\/sambaculejo.com.br\/?page_id=328","og_locale":"pt_BR","og_type":"article","og_title":"Feedbacks -","og_description":"A M\u00fasica passa, mas a mem\u00f3rias ficam Veja o que nossos clientes t\u00eam a dizer sobre viver o show Sambacul\u00eajo Envie seu Feedback https:\/\/sambaculejo.com.br\/wp-content\/uploads\/2025\/11\/Video-do-WhatsApp-de-2025-10-01-as-13.36.51_04a10d34.mp4","og_url":"https:\/\/sambaculejo.com.br\/?page_id=328","article_modified_time":"2025-12-04T17:01:46+00:00","og_image":[{"url":"https:\/\/sambaculejo.com.br\/wp-content\/uploads\/2025\/11\/111.png","type":"","width":"","height":""}],"twitter_card":"summary_large_image","schema":{"@context":"https:\/\/schema.org","@graph":[{"@type":"WebPage","@id":"https:\/\/sambaculejo.com.br\/?page_id=328","url":"https:\/\/sambaculejo.com.br\/?page_id=328","name":"Feedbacks -","isPartOf":{"@id":"https:\/\/sambaculejo.com.br\/#website"},"primaryImageOfPage":{"@id":"https:\/\/sambaculejo.com.br\/?page_id=328#primaryimage"},"image":{"@id":"https:\/\/sambaculejo.com.br\/?page_id=328#primaryimage"},"thumbnailUrl":"https:\/\/sambaculejo.com.br\/wp-content\/uploads\/2025\/11\/111.png","datePublished":"2025-11-10T15:10:38+00:00","dateModified":"2025-12-04T17:01:46+00:00","breadcrumb":{"@id":"https:\/\/sambaculejo.com.br\/?page_id=328#breadcrumb"},"inLanguage":"pt-BR","potentialAction":[{"@type":"ReadAction","target":["https:\/\/sambaculejo.com.br\/?page_id=328"]}]},{"@type":"ImageObject","inLanguage":"pt-BR","@id":"https:\/\/sambaculejo.com.br\/?page_id=328#primaryimage","url":"https:\/\/sambaculejo.com.br\/wp-content\/uploads\/2025\/11\/111.png","contentUrl":"https:\/\/sambaculejo.com.br\/wp-content\/uploads\/2025\/11\/111.png"},{"@type":"BreadcrumbList","@id":"https:\/\/sambaculejo.com.br\/?page_id=328#breadcrumb","itemListElement":[{"@type":"ListItem","position":1,"name":"In\u00edcio","item":"https:\/\/sambaculejo.com.br\/"},{"@type":"ListItem","position":2,"name":"Feedbacks"}]},{"@type":"WebSite","@id":"https:\/\/sambaculejo.com.br\/#website","url":"https:\/\/sambaculejo.com.br\/","name":"","description":"","potentialAction":[{"@type":"SearchAction","target":{"@type":"EntryPoint","urlTemplate":"https:\/\/sambaculejo.com.br\/?s={search_term_string}"},"query-input":{"@type":"PropertyValueSpecification","valueRequired":true,"valueName":"search_term_string"}}],"inLanguage":"pt-BR"}]}},"_links":{"self":[{"href":"https:\/\/sambaculejo.com.br\/index.php?rest_route=\/wp\/v2\/pages\/328","targetHints":{"allow":["GET"]}}],"collection":[{"href":"https:\/\/sambaculejo.com.br\/index.php?rest_route=\/wp\/v2\/pages"}],"about":[{"href":"https:\/\/sambaculejo.com.br\/index.php?rest_route=\/wp\/v2\/types\/page"}],"author":[{"embeddable":true,"href":"https:\/\/sambaculejo.com.br\/index.php?rest_route=\/wp\/v2\/users\/1"}],"replies":[{"embeddable":true,"href":"https:\/\/sambaculejo.com.br\/index.php?rest_route=%2Fwp%2Fv2%2Fcomments&post=328"}],"version-history":[{"count":40,"href":"https:\/\/sambaculejo.com.br\/index.php?rest_route=\/wp\/v2\/pages\/328\/revisions"}],"predecessor-version":[{"id":463,"href":"https:\/\/sambaculejo.com.br\/index.php?rest_route=\/wp\/v2\/pages\/328\/revisions\/463"}],"wp:attachment":[{"href":"https:\/\/sambaculejo.com.br\/index.php?rest_route=%2Fwp%2Fv2%2Fmedia&parent=328"}],"curies":[{"name":"wp","href":"https:\/\/api.w.org\/{rel}","templated":true}]}}